{"id":200,"date":"2020-12-16T04:20:51","date_gmt":"2020-12-16T04:20:51","guid":{"rendered":"https:\/\/gaviaspreview.com\/wp\/paroti\/?post_type=gva_team&#038;p=200"},"modified":"2023-11-14T11:42:02","modified_gmt":"2023-11-14T10:42:02","slug":"testimonials","status":"publish","type":"page","link":"https:\/\/www.ong-prevoyance.net\/index.php\/testimonials\/","title":{"rendered":"Notre Mission"},"content":{"rendered":"\t\t<div data-elementor-type=\"wp-page\" data-elementor-id=\"200\" class=\"elementor elementor-200\">\n\t\t\t\t\t\t<section class=\"elementor-section elementor-top-section elementor-element elementor-element-836f3dd elementor-section-boxed elementor-section-height-default elementor-section-height-default\" data-id=\"836f3dd\" data-element_type=\"section\" data-e-type=\"section\" data-settings=\"{&quot;background_background&quot;:&quot;slideshow&quot;,&quot;background_slideshow_gallery&quot;:[{&quot;id&quot;:1203,&quot;url&quot;:&quot;https:\\\/\\\/gaviaspreview.com\\\/wp\\\/paroti\\\/wp-content\\\/uploads\\\/2021\\\/12\\\/bg-9.jpg&quot;},{&quot;id&quot;:1008,&quot;url&quot;:&quot;https:\\\/\\\/gaviaspreview.com\\\/wp\\\/paroti\\\/wp-content\\\/uploads\\\/2021\\\/10\\\/breadcrumb.jpg&quot;}],&quot;background_slideshow_ken_burns&quot;:&quot;yes&quot;,&quot;background_slideshow_loop&quot;:&quot;yes&quot;,&quot;background_slideshow_slide_duration&quot;:5000,&quot;background_slideshow_slide_transition&quot;:&quot;fade&quot;,&quot;background_slideshow_transition_duration&quot;:500,&quot;background_slideshow_ken_burns_zoom_direction&quot;:&quot;in&quot;}\">\n\t\t\t\t\t\t<div class=\"elementor-container elementor-column-gap-default\">\n\t\t\t\t\t<div class=\"elementor-column elementor-col-100 elementor-top-column elementor-element elementor-element-305f519\" data-id=\"305f519\" data-element_type=\"column\" data-e-type=\"column\">\n\t\t\t<div class=\"elementor-widget-wrap elementor-element-populated\">\n\t\t\t\t\t\t<div class=\"elementor-element elementor-element-cd300cf elementor-widget elementor-widget-gva-heading-block\" data-id=\"cd300cf\" data-element_type=\"widget\" data-e-type=\"widget\" data-widget_type=\"gva-heading-block.default\">\n\t\t\t\t<div class=\"elementor-widget-container\">\n\t\t\t\t\t<div class=\"gva-element-gva-heading-block gva-element\">   <div class=\"align-left style-1 widget gsc-heading box-align-left auto-responsive\">\r\n      <div class=\"content-inner\">\r\n         \r\n                  \r\n           \r\n         \r\n                     <h2 class=\"title\">\r\n               <span>Notre Mission<\/span>\r\n            <\/h2>\r\n                  \r\n         \r\n         \r\n      <\/div>\r\n   <\/div>\r\n<\/div>\t\t\t\t<\/div>\n\t\t\t\t<\/div>\n\t\t\t\t\t<\/div>\n\t\t<\/div>\n\t\t\t\t\t<\/div>\n\t\t<\/section>\n\t\t\t\t<section class=\"elementor-section elementor-top-section elementor-element elementor-element-5b6ff11 elementor-section-boxed elementor-section-height-default elementor-section-height-default\" data-id=\"5b6ff11\" data-element_type=\"section\" data-e-type=\"section\" data-settings=\"{&quot;background_background&quot;:&quot;classic&quot;}\">\n\t\t\t\t\t\t<div class=\"elementor-container elementor-column-gap-default\">\n\t\t\t\t\t<div class=\"elementor-column elementor-col-50 elementor-top-column elementor-element elementor-element-8478b7b\" data-id=\"8478b7b\" data-element_type=\"column\" data-e-type=\"column\">\n\t\t\t<div class=\"elementor-widget-wrap elementor-element-populated\">\n\t\t\t\t\t\t<div class=\"elementor-element elementor-element-5016f11 elementor-widget elementor-widget-gva-heading-block\" data-id=\"5016f11\" data-element_type=\"widget\" data-e-type=\"widget\" data-settings=\"{&quot;_animation&quot;:&quot;none&quot;}\" data-widget_type=\"gva-heading-block.default\">\n\t\t\t\t<div class=\"elementor-widget-container\">\n\t\t\t\t\t<div class=\"gva-element-gva-heading-block gva-element\">   <div class=\"align-left style-1 widget gsc-heading box-align-left auto-responsive\">\r\n      <div class=\"content-inner\">\r\n         \r\n                  \r\n         <div class=\"sub-title\"><span class=\"tagline\">Notre Mission<\/span><\/div>  \r\n         \r\n                     <h2 class=\"title\">\r\n               <span>La mission de l'ONG,<\/span>\r\n            <\/h2>\r\n                  \r\n                     <div class=\"title-desc\">est d'aider, soutenir et de contribuer \u00e0 l'am\u00e9lioration des conditions de vie des personnes vuln\u00e9rables en mati\u00e8re de protection sociale.<\/div>\r\n         \r\n         \r\n      <\/div>\r\n   <\/div>\r\n<\/div>\t\t\t\t<\/div>\n\t\t\t\t<\/div>\n\t\t\t\t<div class=\"elementor-element elementor-element-30ace5c elementor-widget elementor-widget-testimonial\" data-id=\"30ace5c\" data-element_type=\"widget\" data-e-type=\"widget\" data-widget_type=\"testimonial.default\">\n\t\t\t\t<div class=\"elementor-widget-container\">\n\t\t\t\t\t\t\t<div class=\"elementor-testimonial-wrapper\">\n\t\t\t\t\t\t\t<div class=\"elementor-testimonial-content\"><i class=\"micon-quotes\"><\/i>Si la charit\u00e9 vient \u00e0 manquer, \u00e0 quoi sert tout le reste?<\/div>\n\t\t\t\n\t\t\t\t\t\t<div class=\"elementor-testimonial-meta elementor-has-image elementor-testimonial-image-position-aside\">\n\t\t\t\t<div class=\"elementor-testimonial-meta-inner\">\n\t\t\t\t\t\t\t\t\t\t\t<div class=\"elementor-testimonial-image\">\n\t\t\t\t\t\t\t<img fetchpriority=\"high\" decoding=\"async\" width=\"2560\" height=\"1707\" src=\"https:\/\/www.ong-prevoyance.net\/wp-content\/uploads\/2023\/10\/personne-africaine-obtenant-nourriture-rue-scaled.jpg\" class=\"attachment-full size-full wp-image-1891\" alt=\"\" srcset=\"https:\/\/www.ong-prevoyance.net\/wp-content\/uploads\/2023\/10\/personne-africaine-obtenant-nourriture-rue-scaled.jpg 2560w, https:\/\/www.ong-prevoyance.net\/wp-content\/uploads\/2023\/10\/personne-africaine-obtenant-nourriture-rue-600x400.jpg 600w\" sizes=\"(max-width: 2560px) 100vw, 2560px\" \/>\t\t\t\t\t\t<\/div>\n\t\t\t\t\t\n\t\t\t\t\t\t\t\t\t<\/div>\n\t\t\t<\/div>\n\t\t\t\t\t<\/div>\n\t\t\t\t\t\t<\/div>\n\t\t\t\t<\/div>\n\t\t\t\t\t<\/div>\n\t\t<\/div>\n\t\t\t\t<div class=\"elementor-column elementor-col-50 elementor-top-column elementor-element elementor-element-05e388c\" data-id=\"05e388c\" data-element_type=\"column\" data-e-type=\"column\">\n\t\t\t<div class=\"elementor-widget-wrap elementor-element-populated\">\n\t\t\t\t\t\t<section class=\"elementor-section elementor-inner-section elementor-element elementor-element-57ff4ac elementor-section-boxed elementor-section-height-default elementor-section-height-default\" data-id=\"57ff4ac\" data-element_type=\"section\" data-e-type=\"section\">\n\t\t\t\t\t\t<div class=\"elementor-container elementor-column-gap-default\">\n\t\t\t\t\t<div class=\"elementor-column elementor-col-100 elementor-inner-column elementor-element elementor-element-6905d67\" data-id=\"6905d67\" data-element_type=\"column\" data-e-type=\"column\">\n\t\t\t<div class=\"elementor-widget-wrap elementor-element-populated\">\n\t\t\t\t\t\t<div class=\"elementor-element elementor-element-389c4c0 elementor-widget elementor-widget-gva-icon-box-styles\" data-id=\"389c4c0\" data-element_type=\"widget\" data-e-type=\"widget\" data-widget_type=\"gva-icon-box-styles.default\">\n\t\t\t\t<div class=\"elementor-widget-container\">\n\t\t\t\t\t<div class=\"gva-element-gva-icon-box-styles gva-element\">\r\n         <div class=\"widget gsc-icon-box-styles style-1 \">\r\n         <div class=\"icon-box-content\">\r\n           \r\n                           <div class=\"icon-inner\">\r\n                  <span>\r\n                     <i aria-hidden=\"true\" class=\" paicon-peace\"><\/i>                  <\/span>\r\n               <\/div>\r\n            \r\n            <div class=\"box-content\">\r\n                                 <h3 class=\"title\">\r\n                     Contribuer \u00e0 l'am\u00e9liorer la qualit\u00e9 de la protection sociale en C\u00f4te d'Ivoire                  <\/h3>\r\n                                          <\/div>\r\n         <\/div> \r\n               <\/div>   \r\n   \r\n   <\/div>\t\t\t\t<\/div>\n\t\t\t\t<\/div>\n\t\t\t\t\t<\/div>\n\t\t<\/div>\n\t\t\t\t\t<\/div>\n\t\t<\/section>\n\t\t\t\t<section class=\"elementor-section elementor-inner-section elementor-element elementor-element-724dcb4 elementor-section-boxed elementor-section-height-default elementor-section-height-default\" data-id=\"724dcb4\" data-element_type=\"section\" data-e-type=\"section\">\n\t\t\t\t\t\t<div class=\"elementor-container elementor-column-gap-default\">\n\t\t\t\t\t<div class=\"elementor-column elementor-col-50 elementor-inner-column elementor-element elementor-element-8df210f\" data-id=\"8df210f\" data-element_type=\"column\" data-e-type=\"column\">\n\t\t\t<div class=\"elementor-widget-wrap elementor-element-populated\">\n\t\t\t\t\t\t<div class=\"elementor-element elementor-element-5a6d81e elementor-widget elementor-widget-gva-icon-box-styles\" data-id=\"5a6d81e\" data-element_type=\"widget\" data-e-type=\"widget\" data-widget_type=\"gva-icon-box-styles.default\">\n\t\t\t\t<div class=\"elementor-widget-container\">\n\t\t\t\t\t<div class=\"gva-element-gva-icon-box-styles gva-element\">\r\n         <div class=\"widget gsc-icon-box-styles style-1 \">\r\n         <div class=\"icon-box-content\">\r\n           \r\n                           <div class=\"icon-inner\">\r\n                  <span>\r\n                     <i aria-hidden=\"true\" class=\" paicon-praying\"><\/i>                  <\/span>\r\n               <\/div>\r\n            \r\n            <div class=\"box-content\">\r\n                                 <h3 class=\"title\">\r\n                     Promouvoir l'\u00e9galit\u00e9 et la justice                  <\/h3>\r\n                                          <\/div>\r\n         <\/div> \r\n               <\/div>   \r\n   \r\n   <\/div>\t\t\t\t<\/div>\n\t\t\t\t<\/div>\n\t\t\t\t\t<\/div>\n\t\t<\/div>\n\t\t\t\t<div class=\"elementor-column elementor-col-50 elementor-inner-column elementor-element elementor-element-c795e62\" data-id=\"c795e62\" data-element_type=\"column\" data-e-type=\"column\">\n\t\t\t<div class=\"elementor-widget-wrap elementor-element-populated\">\n\t\t\t\t\t\t<div class=\"elementor-element elementor-element-436c83d elementor-widget elementor-widget-gva-icon-box-styles\" data-id=\"436c83d\" data-element_type=\"widget\" data-e-type=\"widget\" data-widget_type=\"gva-icon-box-styles.default\">\n\t\t\t\t<div class=\"elementor-widget-container\">\n\t\t\t\t\t<div class=\"gva-element-gva-icon-box-styles gva-element\">\r\n         <div class=\"widget gsc-icon-box-styles style-1 \">\r\n         <div class=\"icon-box-content\">\r\n           \r\n                           <div class=\"icon-inner\">\r\n                  <span>\r\n                     <i aria-hidden=\"true\" class=\" micon-donation\"><\/i>                  <\/span>\r\n               <\/div>\r\n            \r\n            <div class=\"box-content\">\r\n                                 <h3 class=\"title\">\r\n                     Aider les personnes d\u00e9munies                  <\/h3>\r\n                                          <\/div>\r\n         <\/div> \r\n               <\/div>   \r\n   \r\n   <\/div>\t\t\t\t<\/div>\n\t\t\t\t<\/div>\n\t\t\t\t\t<\/div>\n\t\t<\/div>\n\t\t\t\t\t<\/div>\n\t\t<\/section>\n\t\t\t\t\t<\/div>\n\t\t<\/div>\n\t\t\t\t\t<\/div>\n\t\t<\/section>\n\t\t\t\t<section class=\"elementor-section elementor-top-section elementor-element elementor-element-e2193c4 elementor-section-boxed elementor-section-height-default elementor-section-height-default\" data-id=\"e2193c4\" data-element_type=\"section\" data-e-type=\"section\" data-settings=\"{&quot;background_background&quot;:&quot;classic&quot;}\">\n\t\t\t\t\t\t<div class=\"elementor-container elementor-column-gap-default\">\n\t\t\t\t\t<div class=\"elementor-column elementor-col-100 elementor-top-column elementor-element elementor-element-099321b\" data-id=\"099321b\" data-element_type=\"column\" data-e-type=\"column\">\n\t\t\t<div class=\"elementor-widget-wrap\">\n\t\t\t\t\t\t\t<\/div>\n\t\t<\/div>\n\t\t\t\t\t<\/div>\n\t\t<\/section>\n\t\t\t\t<section class=\"elementor-section elementor-top-section elementor-element elementor-element-823e221 elementor-section-boxed elementor-section-height-default elementor-section-height-default\" data-id=\"823e221\" data-element_type=\"section\" data-e-type=\"section\">\n\t\t\t\t\t\t<div class=\"elementor-container elementor-column-gap-default\">\n\t\t\t\t\t<div class=\"elementor-column elementor-col-100 elementor-top-column elementor-element elementor-element-4e7ee05\" data-id=\"4e7ee05\" data-element_type=\"column\" data-e-type=\"column\">\n\t\t\t<div class=\"elementor-widget-wrap\">\n\t\t\t\t\t\t\t<\/div>\n\t\t<\/div>\n\t\t\t\t\t<\/div>\n\t\t<\/section>\n\t\t\t\t<\/div>\n\t\t","protected":false},"excerpt":{"rendered":"<p>There are many of lorem ipsum available but the have in some form.<\/p>\n","protected":false},"author":1,"featured_media":0,"parent":0,"menu_order":0,"comment_status":"closed","ping_status":"closed","template":"","meta":{"footnotes":""},"class_list":["post-200","page","type-page","status-publish","hentry"],"yoast_head":"<!-- This site is optimized with the Yoast SEO plugin v23.0 - https:\/\/yoast.com\/wordpress\/plugins\/seo\/ -->\n<title>Notre Mission - ongprevoyance<\/title>\n<meta name=\"robots\" content=\"index, follow, max-snippet:-1, max-image-preview:large, max-video-preview:-1\" \/>\n<link rel=\"canonical\" href=\"https:\/\/www.ong-prevoyance.net\/index.php\/testimonials\/\" \/>\n<meta property=\"og:locale\" content=\"fr_FR\" \/>\n<meta property=\"og:type\" content=\"article\" \/>\n<meta property=\"og:title\" content=\"Notre Mission - ongprevoyance\" \/>\n<meta property=\"og:description\" content=\"There are many of lorem ipsum available but the have in some form.\" \/>\n<meta property=\"og:url\" content=\"https:\/\/www.ong-prevoyance.net\/index.php\/testimonials\/\" \/>\n<meta property=\"og:site_name\" content=\"ongprevoyance\" \/>\n<meta property=\"article:publisher\" content=\"https:\/\/www.facebook.com\/ongprevoyance\/\" \/>\n<meta property=\"article:modified_time\" content=\"2023-11-14T10:42:02+00:00\" \/>\n<meta property=\"og:image\" content=\"http:\/\/localhost\/monong\/wp-content\/uploads\/2023\/10\/personne-africaine-obtenant-nourriture-rue.jpg\" \/>\n<meta name=\"twitter:card\" content=\"summary_large_image\" \/>\n<script type=\"application\/ld+json\" class=\"yoast-schema-graph\">{\"@context\":\"https:\/\/schema.org\",\"@graph\":[{\"@type\":\"WebPage\",\"@id\":\"https:\/\/www.ong-prevoyance.net\/index.php\/testimonials\/\",\"url\":\"https:\/\/www.ong-prevoyance.net\/index.php\/testimonials\/\",\"name\":\"Notre Mission - ongprevoyance\",\"isPartOf\":{\"@id\":\"https:\/\/www.ong-prevoyance.net\/#website\"},\"primaryImageOfPage\":{\"@id\":\"https:\/\/www.ong-prevoyance.net\/index.php\/testimonials\/#primaryimage\"},\"image\":{\"@id\":\"https:\/\/www.ong-prevoyance.net\/index.php\/testimonials\/#primaryimage\"},\"thumbnailUrl\":\"http:\/\/localhost\/monong\/wp-content\/uploads\/2023\/10\/personne-africaine-obtenant-nourriture-rue.jpg\",\"datePublished\":\"2020-12-16T04:20:51+00:00\",\"dateModified\":\"2023-11-14T10:42:02+00:00\",\"breadcrumb\":{\"@id\":\"https:\/\/www.ong-prevoyance.net\/index.php\/testimonials\/#breadcrumb\"},\"inLanguage\":\"fr-FR\",\"potentialAction\":[{\"@type\":\"ReadAction\",\"target\":[\"https:\/\/www.ong-prevoyance.net\/index.php\/testimonials\/\"]}]},{\"@type\":\"ImageObject\",\"inLanguage\":\"fr-FR\",\"@id\":\"https:\/\/www.ong-prevoyance.net\/index.php\/testimonials\/#primaryimage\",\"url\":\"http:\/\/localhost\/monong\/wp-content\/uploads\/2023\/10\/personne-africaine-obtenant-nourriture-rue.jpg\",\"contentUrl\":\"http:\/\/localhost\/monong\/wp-content\/uploads\/2023\/10\/personne-africaine-obtenant-nourriture-rue.jpg\"},{\"@type\":\"BreadcrumbList\",\"@id\":\"https:\/\/www.ong-prevoyance.net\/index.php\/testimonials\/#breadcrumb\",\"itemListElement\":[{\"@type\":\"ListItem\",\"position\":1,\"name\":\"Accueil\",\"item\":\"https:\/\/www.ong-prevoyance.net\/\"},{\"@type\":\"ListItem\",\"position\":2,\"name\":\"Notre Mission\"}]},{\"@type\":\"WebSite\",\"@id\":\"https:\/\/www.ong-prevoyance.net\/#website\",\"url\":\"https:\/\/www.ong-prevoyance.net\/\",\"name\":\"ong-prevoyance\",\"description\":\"\",\"publisher\":{\"@id\":\"https:\/\/www.ong-prevoyance.net\/#organization\"},\"potentialAction\":[{\"@type\":\"SearchAction\",\"target\":{\"@type\":\"EntryPoint\",\"urlTemplate\":\"https:\/\/www.ong-prevoyance.net\/?s={search_term_string}\"},\"query-input\":\"required name=search_term_string\"}],\"inLanguage\":\"fr-FR\"},{\"@type\":\"Organization\",\"@id\":\"https:\/\/www.ong-prevoyance.net\/#organization\",\"name\":\"ong-prevoyance\",\"url\":\"https:\/\/www.ong-prevoyance.net\/\",\"logo\":{\"@type\":\"ImageObject\",\"inLanguage\":\"fr-FR\",\"@id\":\"https:\/\/www.ong-prevoyance.net\/#\/schema\/logo\/image\/\",\"url\":\"https:\/\/www.ong-prevoyance.net\/wp-content\/uploads\/2021\/08\/PHOTO-2023-06-26-12-32-13-removebg-preview-Copie.png\",\"contentUrl\":\"https:\/\/www.ong-prevoyance.net\/wp-content\/uploads\/2021\/08\/PHOTO-2023-06-26-12-32-13-removebg-preview-Copie.png\",\"width\":500,\"height\":500,\"caption\":\"ong-prevoyance\"},\"image\":{\"@id\":\"https:\/\/www.ong-prevoyance.net\/#\/schema\/logo\/image\/\"},\"sameAs\":[\"https:\/\/www.facebook.com\/ongprevoyance\/\",\"https:\/\/www.linkedin.com\/company\/ong-prevoyance\/\"]}]}<\/script>\n<!-- \/ Yoast SEO plugin. -->","yoast_head_json":{"title":"Notre Mission - ongprevoyance","robots":{"index":"index","follow":"follow","max-snippet":"max-snippet:-1","max-image-preview":"max-image-preview:large","max-video-preview":"max-video-preview:-1"},"canonical":"https:\/\/www.ong-prevoyance.net\/index.php\/testimonials\/","og_locale":"fr_FR","og_type":"article","og_title":"Notre Mission - ongprevoyance","og_description":"There are many of lorem ipsum available but the have in some form.","og_url":"https:\/\/www.ong-prevoyance.net\/index.php\/testimonials\/","og_site_name":"ongprevoyance","article_publisher":"https:\/\/www.facebook.com\/ongprevoyance\/","article_modified_time":"2023-11-14T10:42:02+00:00","og_image":[{"url":"http:\/\/localhost\/monong\/wp-content\/uploads\/2023\/10\/personne-africaine-obtenant-nourriture-rue.jpg"}],"twitter_card":"summary_large_image","schema":{"@context":"https:\/\/schema.org","@graph":[{"@type":"WebPage","@id":"https:\/\/www.ong-prevoyance.net\/index.php\/testimonials\/","url":"https:\/\/www.ong-prevoyance.net\/index.php\/testimonials\/","name":"Notre Mission - ongprevoyance","isPartOf":{"@id":"https:\/\/www.ong-prevoyance.net\/#website"},"primaryImageOfPage":{"@id":"https:\/\/www.ong-prevoyance.net\/index.php\/testimonials\/#primaryimage"},"image":{"@id":"https:\/\/www.ong-prevoyance.net\/index.php\/testimonials\/#primaryimage"},"thumbnailUrl":"http:\/\/localhost\/monong\/wp-content\/uploads\/2023\/10\/personne-africaine-obtenant-nourriture-rue.jpg","datePublished":"2020-12-16T04:20:51+00:00","dateModified":"2023-11-14T10:42:02+00:00","breadcrumb":{"@id":"https:\/\/www.ong-prevoyance.net\/index.php\/testimonials\/#breadcrumb"},"inLanguage":"fr-FR","potentialAction":[{"@type":"ReadAction","target":["https:\/\/www.ong-prevoyance.net\/index.php\/testimonials\/"]}]},{"@type":"ImageObject","inLanguage":"fr-FR","@id":"https:\/\/www.ong-prevoyance.net\/index.php\/testimonials\/#primaryimage","url":"http:\/\/localhost\/monong\/wp-content\/uploads\/2023\/10\/personne-africaine-obtenant-nourriture-rue.jpg","contentUrl":"http:\/\/localhost\/monong\/wp-content\/uploads\/2023\/10\/personne-africaine-obtenant-nourriture-rue.jpg"},{"@type":"BreadcrumbList","@id":"https:\/\/www.ong-prevoyance.net\/index.php\/testimonials\/#breadcrumb","itemListElement":[{"@type":"ListItem","position":1,"name":"Accueil","item":"https:\/\/www.ong-prevoyance.net\/"},{"@type":"ListItem","position":2,"name":"Notre Mission"}]},{"@type":"WebSite","@id":"https:\/\/www.ong-prevoyance.net\/#website","url":"https:\/\/www.ong-prevoyance.net\/","name":"ong-prevoyance","description":"","publisher":{"@id":"https:\/\/www.ong-prevoyance.net\/#organization"},"potentialAction":[{"@type":"SearchAction","target":{"@type":"EntryPoint","urlTemplate":"https:\/\/www.ong-prevoyance.net\/?s={search_term_string}"},"query-input":"required name=search_term_string"}],"inLanguage":"fr-FR"},{"@type":"Organization","@id":"https:\/\/www.ong-prevoyance.net\/#organization","name":"ong-prevoyance","url":"https:\/\/www.ong-prevoyance.net\/","logo":{"@type":"ImageObject","inLanguage":"fr-FR","@id":"https:\/\/www.ong-prevoyance.net\/#\/schema\/logo\/image\/","url":"https:\/\/www.ong-prevoyance.net\/wp-content\/uploads\/2021\/08\/PHOTO-2023-06-26-12-32-13-removebg-preview-Copie.png","contentUrl":"https:\/\/www.ong-prevoyance.net\/wp-content\/uploads\/2021\/08\/PHOTO-2023-06-26-12-32-13-removebg-preview-Copie.png","width":500,"height":500,"caption":"ong-prevoyance"},"image":{"@id":"https:\/\/www.ong-prevoyance.net\/#\/schema\/logo\/image\/"},"sameAs":["https:\/\/www.facebook.com\/ongprevoyance\/","https:\/\/www.linkedin.com\/company\/ong-prevoyance\/"]}]}},"_links":{"self":[{"href":"https:\/\/www.ong-prevoyance.net\/index.php\/wp-json\/wp\/v2\/pages\/200","targetHints":{"allow":["GET"]}}],"collection":[{"href":"https:\/\/www.ong-prevoyance.net\/index.php\/wp-json\/wp\/v2\/pages"}],"about":[{"href":"https:\/\/www.ong-prevoyance.net\/index.php\/wp-json\/wp\/v2\/types\/page"}],"author":[{"embeddable":true,"href":"https:\/\/www.ong-prevoyance.net\/index.php\/wp-json\/wp\/v2\/users\/1"}],"replies":[{"embeddable":true,"href":"https:\/\/www.ong-prevoyance.net\/index.php\/wp-json\/wp\/v2\/comments?post=200"}],"version-history":[{"count":13,"href":"https:\/\/www.ong-prevoyance.net\/index.php\/wp-json\/wp\/v2\/pages\/200\/revisions"}],"predecessor-version":[{"id":2203,"href":"https:\/\/www.ong-prevoyance.net\/index.php\/wp-json\/wp\/v2\/pages\/200\/revisions\/2203"}],"wp:attachment":[{"href":"https:\/\/www.ong-prevoyance.net\/index.php\/wp-json\/wp\/v2\/media?parent=200"}],"curies":[{"name":"wp","href":"https:\/\/api.w.org\/{rel}","templated":true}]}}