{"id":33,"date":"2020-12-08T04:14:02","date_gmt":"2020-12-08T04:14:02","guid":{"rendered":"https:\/\/gaviaspreview.com\/wp\/paroti\/?page_id=33"},"modified":"2024-02-01T15:18:18","modified_gmt":"2024-02-01T14:18:18","slug":"events-page","status":"publish","type":"page","link":"https:\/\/www.ong-prevoyance.net\/index.php\/events-page\/","title":{"rendered":"Nos projets"},"content":{"rendered":"\t\t<div data-elementor-type=\"wp-page\" data-elementor-id=\"33\" class=\"elementor elementor-33\">\n\t\t\t\t\t\t<section class=\"elementor-section elementor-top-section elementor-element elementor-element-138462e elementor-section-boxed elementor-section-height-default elementor-section-height-default\" data-id=\"138462e\" data-element_type=\"section\" data-e-type=\"section\" data-settings=\"{&quot;background_background&quot;:&quot;slideshow&quot;,&quot;background_slideshow_gallery&quot;:[{&quot;id&quot;:1203,&quot;url&quot;:&quot;https:\\\/\\\/gaviaspreview.com\\\/wp\\\/paroti\\\/wp-content\\\/uploads\\\/2021\\\/12\\\/bg-9.jpg&quot;},{&quot;id&quot;:1008,&quot;url&quot;:&quot;https:\\\/\\\/gaviaspreview.com\\\/wp\\\/paroti\\\/wp-content\\\/uploads\\\/2021\\\/10\\\/breadcrumb.jpg&quot;}],&quot;background_slideshow_ken_burns&quot;:&quot;yes&quot;,&quot;background_slideshow_loop&quot;:&quot;yes&quot;,&quot;background_slideshow_slide_duration&quot;:5000,&quot;background_slideshow_slide_transition&quot;:&quot;fade&quot;,&quot;background_slideshow_transition_duration&quot;:500,&quot;background_slideshow_ken_burns_zoom_direction&quot;:&quot;in&quot;}\">\n\t\t\t\t\t\t<div class=\"elementor-container elementor-column-gap-default\">\n\t\t\t\t\t<div class=\"elementor-column elementor-col-100 elementor-top-column elementor-element elementor-element-4c07d09\" data-id=\"4c07d09\" data-element_type=\"column\" data-e-type=\"column\">\n\t\t\t<div class=\"elementor-widget-wrap elementor-element-populated\">\n\t\t\t\t\t\t<div class=\"elementor-element elementor-element-7fe2c64 elementor-widget elementor-widget-gva-heading-block\" data-id=\"7fe2c64\" data-element_type=\"widget\" data-e-type=\"widget\" data-widget_type=\"gva-heading-block.default\">\n\t\t\t\t<div class=\"elementor-widget-container\">\n\t\t\t\t\t<div class=\"gva-element-gva-heading-block gva-element\">   <div class=\"align-left style-1 widget gsc-heading box-align-left auto-responsive\">\r\n      <div class=\"content-inner\">\r\n         \r\n                  \r\n           \r\n         \r\n                     <h2 class=\"title\">\r\n               <span>Nos Projets en cours<\/span>\r\n            <\/h2>\r\n                  \r\n         \r\n         \r\n      <\/div>\r\n   <\/div>\r\n<\/div>\t\t\t\t<\/div>\n\t\t\t\t<\/div>\n\t\t\t\t\t<\/div>\n\t\t<\/div>\n\t\t\t\t\t<\/div>\n\t\t<\/section>\n\t\t\t\t<section class=\"elementor-section elementor-top-section elementor-element elementor-element-5ed2840 elementor-section-boxed elementor-section-height-default elementor-section-height-default\" data-id=\"5ed2840\" data-element_type=\"section\" data-e-type=\"section\">\n\t\t\t\t\t\t<div class=\"elementor-container elementor-column-gap-default\">\n\t\t\t\t\t<div class=\"elementor-column elementor-col-100 elementor-top-column elementor-element elementor-element-cb23c14\" data-id=\"cb23c14\" data-element_type=\"column\" data-e-type=\"column\">\n\t\t\t<div class=\"elementor-widget-wrap elementor-element-populated\">\n\t\t\t\t\t\t<div class=\"elementor-element elementor-element-845bbdc animated-fast elementor-invisible elementor-widget elementor-widget-gva-heading-block\" data-id=\"845bbdc\" data-element_type=\"widget\" data-e-type=\"widget\" data-settings=\"{&quot;_animation&quot;:&quot;fadeInUp&quot;}\" data-widget_type=\"gva-heading-block.default\">\n\t\t\t\t<div class=\"elementor-widget-container\">\n\t\t\t\t\t<div class=\"gva-element-gva-heading-block gva-element\">   <div class=\"align-center style-1 widget gsc-heading box-align-center auto-responsive\">\r\n      <div class=\"content-inner\">\r\n         \r\n                  \r\n         <div class=\"sub-title\"><span class=\"tagline\">Nos projets<\/span><\/div>  \r\n         \r\n                     <h2 class=\"title\">\r\n               <span>Nos projets en cours<\/span>\r\n            <\/h2>\r\n                  \r\n         \r\n         \r\n      <\/div>\r\n   <\/div>\r\n<\/div>\t\t\t\t<\/div>\n\t\t\t\t<\/div>\n\t\t<div class=\"elementor-element elementor-element-92d8eb0 e-flex e-con-boxed e-con e-parent\" data-id=\"92d8eb0\" data-element_type=\"container\" data-e-type=\"container\">\n\t\t\t\t\t<div class=\"e-con-inner\">\n\t\t\t\t<div class=\"elementor-element elementor-element-8a324ba elementor-widget elementor-widget-gva-content-carousel\" data-id=\"8a324ba\" data-element_type=\"widget\" data-e-type=\"widget\" data-widget_type=\"gva-content-carousel.default\">\n\t\t\t\t<div class=\"elementor-widget-container\">\n\t\t\t\t\t<div class=\"gva-element-gva-content-carousel gva-element\">\r\n<div class=\"gsc-content-carousel swiper-slider-wrapper\">\r\n   <div class=\"swiper-content-inner\">\r\n      <div class=\"init-carousel-swiper swiper\" data-carousel=\"{&quot;items&quot;:1,&quot;items_lg&quot;:1,&quot;items_md&quot;:1,&quot;items_sm&quot;:1,&quot;items_xs&quot;:1,&quot;items_xx&quot;:1,&quot;effect&quot;:&quot;slide&quot;,&quot;space_between&quot;:20,&quot;loop&quot;:1,&quot;speed&quot;:600,&quot;autoplay&quot;:1,&quot;autoplay_delay&quot;:4500,&quot;autoplay_hover&quot;:1,&quot;navigation&quot;:1,&quot;pagination&quot;:0,&quot;dynamic_bullets&quot;:0,&quot;pagination_type&quot;:&quot;bullets&quot;}\">\r\n         <div class=\"swiper-wrapper\">\r\n                           <div class=\"swiper-slide\">\r\n                  <div class=\"item-content\">\r\n                     <div class=\"item-content-inner\">\r\n                                                   <div class=\"box-image\">\r\n                              <div class=\"image-content\">\r\n                                 <img decoding=\"async\" src=\"https:\/\/www.ong-prevoyance.net\/wp-content\/uploads\/2023\/11\/Femme-enceinte.jpeg\" alt=\"Organisation d&#039;une campagne de sensibilisation sur le VIH\/SIDA et les grossesses en milieu scolaire\"\/>\r\n                              <\/div>\r\n                           <\/div>\r\n                                                <div class=\"box-content\">\r\n                           <div class=\"gsc-heading\">\r\n                                                            <h2 class=\"title\">Organisation d&#039;une campagne de sensibilisation sur le VIH\/SIDA et les grossesses en milieu scolaire<\/h2>   \r\n                              <div class=\"title-desc\">En Afrique certains sujets restent encore tabou, parmi lesquels figurent le VIH\/SIDA et les grossesses pr\u00e9coces. Malgr\u00e9 les nombreuses investigations mises en place pour sensibiliser la jeunesse sur ces fl\u00e9aux, Ces deux ph\u00e9nom\u00e8nes demeurent encore d\u2019actualit\u00e9 avec des taux \u00e9lev\u00e9s.\nOn observe une hausse de 5% des grossesses en milieu scolaire allant de septembre 2022 \u00e0 avril 2023 source : l\u2019info express) quant au VIH\/SIDA ses chiffres restent encore \u00e9lev\u00e9s.\nAfin d\u2019am\u00e9liorer ces donn\u00e9es l\u2019ONG PREVOYANCE s\u2019est donn\u00e9 pour mission d\u2019aller au contact des \u00e9l\u00e8ves de lyc\u00e9e et coll\u00e8ge dans le but de les sensibiliser sur le VIH\/SIDA et les grossesses en milieu scolaire. Cette activit\u00e9 se tiendra dans le mois de D\u00e9cembre dans la commune de Port Bouet<\/div>                              \r\n                           <\/div>\r\n                        <\/div>\r\n                     <\/div>   \r\n                  <\/div>\r\n               <\/div>\r\n                           <div class=\"swiper-slide\">\r\n                  <div class=\"item-content\">\r\n                     <div class=\"item-content-inner\">\r\n                                                   <div class=\"box-image\">\r\n                              <div class=\"image-content\">\r\n                                 <img decoding=\"async\" src=\"https:\/\/www.ong-prevoyance.net\/wp-content\/uploads\/2023\/11\/coup-moyen-smiley-femme-agee-exterieur.jpg\" alt=\"La semaine des A\u00een\u00e9es\"\/>\r\n                              <\/div>\r\n                           <\/div>\r\n                                                <div class=\"box-content\">\r\n                           <div class=\"gsc-heading\">\r\n                                                            <h2 class=\"title\">La semaine des A\u00een\u00e9es<\/h2>   \r\n                              <div class=\"title-desc\">En quelques ann\u00e9es, le nombre de personnes \u00e2g\u00e9es existant en c\u00f4te d\u2019Ivoire \u00e0 augmenter. \nLe pays compte 1,253 620 personnes \u00e2g\u00e9es, selon le dernier recensement de la population, en 2022. C\u2019est un chiffre tr\u00e8s important qui nous interpelle. L\u2019une des missions de l\u2019ONG PREVOYANCE est de porter aide et assistance aux personnes du 3eme \u00e2ge.\nC\u2019est ainsi que les pr\u00eatres de la paroisse Sainte Famille de la Riviera 2 en collaboration avec l'ONG PREVOYANCE organisent une semaine d'activit\u00e9 d\u00e9di\u00e9 aux personnes \u00e2g\u00e9es de la paroisse Saint Famille de la Riviera 2. Cette activit\u00e9 se tiendra du 01 au 07 Janvier \u00e0 la paroisse Sainte Famille de la Riviera 2<\/div>                              \r\n                           <\/div>\r\n                        <\/div>\r\n                     <\/div>   \r\n                  <\/div>\r\n               <\/div>\r\n                           <div class=\"swiper-slide\">\r\n                  <div class=\"item-content\">\r\n                     <div class=\"item-content-inner\">\r\n                                                   <div class=\"box-image\">\r\n                              <div class=\"image-content\">\r\n                                 <img decoding=\"async\" src=\"https:\/\/www.ong-prevoyance.net\/wp-content\/uploads\/2023\/11\/campagne-femme-tenant-fruits-frais-1.jpg\" alt=\"Programme de renforcement des capacit\u00e9s pour les femmes en association et coop\u00e9rative en leur enseignant des comp\u00e9tences financi\u00e8res et digitales\"\/>\r\n                              <\/div>\r\n                           <\/div>\r\n                                                <div class=\"box-content\">\r\n                           <div class=\"gsc-heading\">\r\n                                                            <h2 class=\"title\">Programme de renforcement des capacit\u00e9s pour les femmes en association et coop\u00e9rative en leur enseignant des comp\u00e9tences financi\u00e8res et digitales<\/h2>   \r\n                              <div class=\"title-desc\">L\u2019autonomisation financi\u00e8re des femmes fait partie de plusieurs plans d\u2019action nationaux en C\u00f4te d\u2019Ivoire ces derni\u00e8res ann\u00e9es, c\u2019est un instrument de d\u00e9veloppement.\nParler de renforcement de capacit\u00e9 des femmes c\u2019est aussi parler d\u2019autonomisation de la femme, ce programme a \u00e9t\u00e9 mis en place dans le but de d\u00e9velopper les capacit\u00e9s des femmes, les rendre autonomes au niveau financier et digitale.\nCette activit\u00e9 vise \u00e0 soutenir les femmes en facilitant leur acc\u00e8s aux services financiers et digitale pour qu\u2019elles soient plus \u00e9panouies.<\/div>                              \r\n                           <\/div>\r\n                        <\/div>\r\n                     <\/div>   \r\n                  <\/div>\r\n               <\/div>\r\n                           <div class=\"swiper-slide\">\r\n                  <div class=\"item-content\">\r\n                     <div class=\"item-content-inner\">\r\n                                                   <div class=\"box-image\">\r\n                              <div class=\"image-content\">\r\n                                 <img decoding=\"async\" src=\"https:\/\/www.ong-prevoyance.net\/wp-content\/uploads\/2023\/11\/3299.jpg\" alt=\"Programme d&#039;alphab\u00e9tisation pour les adultes, les jeunes et les femmes\"\/>\r\n                              <\/div>\r\n                           <\/div>\r\n                                                <div class=\"box-content\">\r\n                           <div class=\"gsc-heading\">\r\n                                                            <h2 class=\"title\">Programme d&#039;alphab\u00e9tisation pour les adultes, les jeunes et les femmes<\/h2>   \r\n                              <div class=\"title-desc\">L\u2019Unicef a \u00e9tabli que l\u2019\u00e9ducation des filles permet de r\u00e9duire la pauvret\u00e9, de pr\u00e9venir les maladies et la violence, de contr\u00f4ler la natalit\u00e9 et de r\u00e9duire l\u2019instabilit\u00e9 politique. (Tir\u00e9 de OpenEdition Journals : \u00e9tat des lieux de l'\u00e9ducation des filles et des femmes au Mali : contraintes et d\u00e9fis).\nL'alphab\u00e9tisation est donc un outil important d'autonomisation pour tout \u00eatre humain. Nombreux sont ceux qui ne b\u00e9n\u00e9ficient pas de cet outil malgr\u00e9 de nombreuses investigations mises en place par les institutions et les ONG. \nL\u2019analphab\u00e9tisation constitue un probl\u00e8me majeur en C\u00f4te d'Ivoire, en particulier pour les jeunes filles et les femmes qui sont pour de nombreuses raisons priv\u00e9es de ce droit.\nC\u2019est au regard de cette situation, que l'ONG PREVOYANCE soucieuse du bien \u00eatre des jeunes filles et des femmes a ins\u00e9rer dans son chronogramme un programme d'alphab\u00e9tisation en faveur des jeunes filles et des femmes. Dans le but de leur permettre de savoir lire et \u00e9crire.<\/div>                              \r\n                           <\/div>\r\n                        <\/div>\r\n                     <\/div>   \r\n                  <\/div>\r\n               <\/div>\r\n                     <\/div>\r\n      <\/div>\r\n   <\/div>   \r\n   <div class=\"swiper-pagination\"><\/div>   <div class=\"swiper-nav-next\"><\/div><div class=\"swiper-nav-prev\"><\/div><\/div>\r\n<\/div>\t\t\t\t<\/div>\n\t\t\t\t<\/div>\n\t\t\t\t\t<\/div>\n\t\t\t\t<\/div>\n\t\t\t\t\t<\/div>\n\t\t<\/div>\n\t\t\t\t\t<\/div>\n\t\t<\/section>\n\t\t\t\t<section class=\"elementor-section elementor-top-section elementor-element elementor-element-cebe596 elementor-section-boxed elementor-section-height-default elementor-section-height-default\" data-id=\"cebe596\" data-element_type=\"section\" data-e-type=\"section\">\n\t\t\t\t\t\t<div class=\"elementor-container elementor-column-gap-default\">\n\t\t\t\t\t<div class=\"elementor-column elementor-col-33 elementor-top-column elementor-element elementor-element-01db991\" data-id=\"01db991\" data-element_type=\"column\" data-e-type=\"column\" data-settings=\"{&quot;background_background&quot;:&quot;classic&quot;}\">\n\t\t\t<div class=\"elementor-widget-wrap elementor-element-populated\">\n\t\t\t\t\t\t<div class=\"elementor-element elementor-element-18d5b7a elementor-view-default elementor-widget elementor-widget-icon\" data-id=\"18d5b7a\" data-element_type=\"widget\" data-e-type=\"widget\" data-widget_type=\"icon.default\">\n\t\t\t\t<div class=\"elementor-widget-container\">\n\t\t\t\t\t\t\t<div class=\"elementor-icon-wrapper\">\n\t\t\t<div class=\"elementor-icon\">\n\t\t\t<i aria-hidden=\"true\" class=\" paicon-peace-1\"><\/i>\t\t\t<\/div>\n\t\t<\/div>\n\t\t\t\t\t\t<\/div>\n\t\t\t\t<\/div>\n\t\t\t\t\t<\/div>\n\t\t<\/div>\n\t\t\t\t<div class=\"elementor-column elementor-col-66 elementor-top-column elementor-element elementor-element-0265043\" data-id=\"0265043\" data-element_type=\"column\" data-e-type=\"column\" data-settings=\"{&quot;background_background&quot;:&quot;classic&quot;}\">\n\t\t\t<div class=\"elementor-widget-wrap elementor-element-populated\">\n\t\t\t\t\t<div class=\"elementor-background-overlay\"><\/div>\n\t\t\t\t\t\t<div class=\"elementor-element elementor-element-22b0987 elementor-widget__width-initial elementor-widget elementor-widget-heading\" data-id=\"22b0987\" data-element_type=\"widget\" data-e-type=\"widget\" data-widget_type=\"heading.default\">\n\t\t\t\t<div class=\"elementor-widget-container\">\n\t\t\t\t\t<h2 class=\"elementor-heading-title elementor-size-default\">Faisons une diff\u00e9rence dans la vie des autres<\/h2>\t\t\t\t<\/div>\n\t\t\t\t<\/div>\n\t\t\t\t<div class=\"elementor-element elementor-element-79a816b elementor-widget__width-auto elementor-widget elementor-widget-html\" data-id=\"79a816b\" data-element_type=\"widget\" data-e-type=\"widget\" data-widget_type=\"html.default\">\n\t\t\t\t<div class=\"elementor-widget-container\">\n\t\t\t\t\t<a class=\"btn-theme\" href=\"https:\/\/www.ong-prevoyance.net\/index.php\/donations\/help-children-poor-insurance-and-medical\/\">faire un don<\/a>\t\t\t\t<\/div>\n\t\t\t\t<\/div>\n\t\t\t\t\t<\/div>\n\t\t<\/div>\n\t\t\t\t\t<\/div>\n\t\t<\/section>\n\t\t\t\t<\/div>\n\t\t","protected":false},"excerpt":{"rendered":"<p>Nos Projets en cours Nos projets Nos projets en cours Organisation d&#039;une campagne de sensibilisation sur le VIH\/SIDA et les grossesses en milieu scolaire En Afrique certains sujets restent encore [&hellip;]<\/p>\n","protected":false},"author":1,"featured_media":0,"parent":0,"menu_order":0,"comment_status":"closed","ping_status":"closed","template":"","meta":{"footnotes":""},"class_list":["post-33","page","type-page","status-publish","hentry"],"yoast_head":"<!-- This site is optimized with the Yoast SEO plugin v23.0 - https:\/\/yoast.com\/wordpress\/plugins\/seo\/ -->\n<title>Nos projets - ongprevoyance<\/title>\n<meta name=\"robots\" content=\"index, follow, max-snippet:-1, max-image-preview:large, max-video-preview:-1\" \/>\n<link rel=\"canonical\" href=\"https:\/\/www.ong-prevoyance.net\/index.php\/events-page\/\" \/>\n<meta property=\"og:locale\" content=\"fr_FR\" \/>\n<meta property=\"og:type\" content=\"article\" \/>\n<meta property=\"og:title\" content=\"Nos projets - ongprevoyance\" \/>\n<meta property=\"og:description\" content=\"Nos Projets en cours Nos projets Nos projets en cours Organisation d&#039;une campagne de sensibilisation sur le VIH\/SIDA et les grossesses en milieu scolaire En Afrique certains sujets restent encore [&hellip;]\" \/>\n<meta property=\"og:url\" content=\"https:\/\/www.ong-prevoyance.net\/index.php\/events-page\/\" \/>\n<meta property=\"og:site_name\" content=\"ongprevoyance\" \/>\n<meta property=\"article:publisher\" content=\"https:\/\/www.facebook.com\/ongprevoyance\/\" \/>\n<meta property=\"article:modified_time\" content=\"2024-02-01T14:18:18+00:00\" \/>\n<meta property=\"og:image\" content=\"https:\/\/www.ong-prevoyance.net\/wp-content\/uploads\/2023\/11\/Femme-enceinte.jpeg\" \/>\n<meta name=\"twitter:card\" content=\"summary_large_image\" \/>\n<meta name=\"twitter:label1\" content=\"Dur\u00e9e de lecture estim\u00e9e\" \/>\n\t<meta name=\"twitter:data1\" content=\"3 minutes\" \/>\n<script type=\"application\/ld+json\" class=\"yoast-schema-graph\">{\"@context\":\"https:\/\/schema.org\",\"@graph\":[{\"@type\":\"WebPage\",\"@id\":\"https:\/\/www.ong-prevoyance.net\/index.php\/events-page\/\",\"url\":\"https:\/\/www.ong-prevoyance.net\/index.php\/events-page\/\",\"name\":\"Nos projets - ongprevoyance\",\"isPartOf\":{\"@id\":\"https:\/\/www.ong-prevoyance.net\/#website\"},\"primaryImageOfPage\":{\"@id\":\"https:\/\/www.ong-prevoyance.net\/index.php\/events-page\/#primaryimage\"},\"image\":{\"@id\":\"https:\/\/www.ong-prevoyance.net\/index.php\/events-page\/#primaryimage\"},\"thumbnailUrl\":\"https:\/\/www.ong-prevoyance.net\/wp-content\/uploads\/2023\/11\/Femme-enceinte.jpeg\",\"datePublished\":\"2020-12-08T04:14:02+00:00\",\"dateModified\":\"2024-02-01T14:18:18+00:00\",\"breadcrumb\":{\"@id\":\"https:\/\/www.ong-prevoyance.net\/index.php\/events-page\/#breadcrumb\"},\"inLanguage\":\"fr-FR\",\"potentialAction\":[{\"@type\":\"ReadAction\",\"target\":[\"https:\/\/www.ong-prevoyance.net\/index.php\/events-page\/\"]}]},{\"@type\":\"ImageObject\",\"inLanguage\":\"fr-FR\",\"@id\":\"https:\/\/www.ong-prevoyance.net\/index.php\/events-page\/#primaryimage\",\"url\":\"https:\/\/www.ong-prevoyance.net\/wp-content\/uploads\/2023\/11\/Femme-enceinte.jpeg\",\"contentUrl\":\"https:\/\/www.ong-prevoyance.net\/wp-content\/uploads\/2023\/11\/Femme-enceinte.jpeg\",\"width\":700,\"height\":700},{\"@type\":\"BreadcrumbList\",\"@id\":\"https:\/\/www.ong-prevoyance.net\/index.php\/events-page\/#breadcrumb\",\"itemListElement\":[{\"@type\":\"ListItem\",\"position\":1,\"name\":\"Accueil\",\"item\":\"https:\/\/www.ong-prevoyance.net\/\"},{\"@type\":\"ListItem\",\"position\":2,\"name\":\"Nos projets\"}]},{\"@type\":\"WebSite\",\"@id\":\"https:\/\/www.ong-prevoyance.net\/#website\",\"url\":\"https:\/\/www.ong-prevoyance.net\/\",\"name\":\"ong-prevoyance\",\"description\":\"\",\"publisher\":{\"@id\":\"https:\/\/www.ong-prevoyance.net\/#organization\"},\"potentialAction\":[{\"@type\":\"SearchAction\",\"target\":{\"@type\":\"EntryPoint\",\"urlTemplate\":\"https:\/\/www.ong-prevoyance.net\/?s={search_term_string}\"},\"query-input\":\"required name=search_term_string\"}],\"inLanguage\":\"fr-FR\"},{\"@type\":\"Organization\",\"@id\":\"https:\/\/www.ong-prevoyance.net\/#organization\",\"name\":\"ong-prevoyance\",\"url\":\"https:\/\/www.ong-prevoyance.net\/\",\"logo\":{\"@type\":\"ImageObject\",\"inLanguage\":\"fr-FR\",\"@id\":\"https:\/\/www.ong-prevoyance.net\/#\/schema\/logo\/image\/\",\"url\":\"https:\/\/www.ong-prevoyance.net\/wp-content\/uploads\/2021\/08\/PHOTO-2023-06-26-12-32-13-removebg-preview-Copie.png\",\"contentUrl\":\"https:\/\/www.ong-prevoyance.net\/wp-content\/uploads\/2021\/08\/PHOTO-2023-06-26-12-32-13-removebg-preview-Copie.png\",\"width\":500,\"height\":500,\"caption\":\"ong-prevoyance\"},\"image\":{\"@id\":\"https:\/\/www.ong-prevoyance.net\/#\/schema\/logo\/image\/\"},\"sameAs\":[\"https:\/\/www.facebook.com\/ongprevoyance\/\",\"https:\/\/www.linkedin.com\/company\/ong-prevoyance\/\"]}]}<\/script>\n<!-- \/ Yoast SEO plugin. -->","yoast_head_json":{"title":"Nos projets - ongprevoyance","robots":{"index":"index","follow":"follow","max-snippet":"max-snippet:-1","max-image-preview":"max-image-preview:large","max-video-preview":"max-video-preview:-1"},"canonical":"https:\/\/www.ong-prevoyance.net\/index.php\/events-page\/","og_locale":"fr_FR","og_type":"article","og_title":"Nos projets - ongprevoyance","og_description":"Nos Projets en cours Nos projets Nos projets en cours Organisation d&#039;une campagne de sensibilisation sur le VIH\/SIDA et les grossesses en milieu scolaire En Afrique certains sujets restent encore [&hellip;]","og_url":"https:\/\/www.ong-prevoyance.net\/index.php\/events-page\/","og_site_name":"ongprevoyance","article_publisher":"https:\/\/www.facebook.com\/ongprevoyance\/","article_modified_time":"2024-02-01T14:18:18+00:00","og_image":[{"url":"https:\/\/www.ong-prevoyance.net\/wp-content\/uploads\/2023\/11\/Femme-enceinte.jpeg"}],"twitter_card":"summary_large_image","twitter_misc":{"Dur\u00e9e de lecture estim\u00e9e":"3 minutes"},"schema":{"@context":"https:\/\/schema.org","@graph":[{"@type":"WebPage","@id":"https:\/\/www.ong-prevoyance.net\/index.php\/events-page\/","url":"https:\/\/www.ong-prevoyance.net\/index.php\/events-page\/","name":"Nos projets - ongprevoyance","isPartOf":{"@id":"https:\/\/www.ong-prevoyance.net\/#website"},"primaryImageOfPage":{"@id":"https:\/\/www.ong-prevoyance.net\/index.php\/events-page\/#primaryimage"},"image":{"@id":"https:\/\/www.ong-prevoyance.net\/index.php\/events-page\/#primaryimage"},"thumbnailUrl":"https:\/\/www.ong-prevoyance.net\/wp-content\/uploads\/2023\/11\/Femme-enceinte.jpeg","datePublished":"2020-12-08T04:14:02+00:00","dateModified":"2024-02-01T14:18:18+00:00","breadcrumb":{"@id":"https:\/\/www.ong-prevoyance.net\/index.php\/events-page\/#breadcrumb"},"inLanguage":"fr-FR","potentialAction":[{"@type":"ReadAction","target":["https:\/\/www.ong-prevoyance.net\/index.php\/events-page\/"]}]},{"@type":"ImageObject","inLanguage":"fr-FR","@id":"https:\/\/www.ong-prevoyance.net\/index.php\/events-page\/#primaryimage","url":"https:\/\/www.ong-prevoyance.net\/wp-content\/uploads\/2023\/11\/Femme-enceinte.jpeg","contentUrl":"https:\/\/www.ong-prevoyance.net\/wp-content\/uploads\/2023\/11\/Femme-enceinte.jpeg","width":700,"height":700},{"@type":"BreadcrumbList","@id":"https:\/\/www.ong-prevoyance.net\/index.php\/events-page\/#breadcrumb","itemListElement":[{"@type":"ListItem","position":1,"name":"Accueil","item":"https:\/\/www.ong-prevoyance.net\/"},{"@type":"ListItem","position":2,"name":"Nos projets"}]},{"@type":"WebSite","@id":"https:\/\/www.ong-prevoyance.net\/#website","url":"https:\/\/www.ong-prevoyance.net\/","name":"ong-prevoyance","description":"","publisher":{"@id":"https:\/\/www.ong-prevoyance.net\/#organization"},"potentialAction":[{"@type":"SearchAction","target":{"@type":"EntryPoint","urlTemplate":"https:\/\/www.ong-prevoyance.net\/?s={search_term_string}"},"query-input":"required name=search_term_string"}],"inLanguage":"fr-FR"},{"@type":"Organization","@id":"https:\/\/www.ong-prevoyance.net\/#organization","name":"ong-prevoyance","url":"https:\/\/www.ong-prevoyance.net\/","logo":{"@type":"ImageObject","inLanguage":"fr-FR","@id":"https:\/\/www.ong-prevoyance.net\/#\/schema\/logo\/image\/","url":"https:\/\/www.ong-prevoyance.net\/wp-content\/uploads\/2021\/08\/PHOTO-2023-06-26-12-32-13-removebg-preview-Copie.png","contentUrl":"https:\/\/www.ong-prevoyance.net\/wp-content\/uploads\/2021\/08\/PHOTO-2023-06-26-12-32-13-removebg-preview-Copie.png","width":500,"height":500,"caption":"ong-prevoyance"},"image":{"@id":"https:\/\/www.ong-prevoyance.net\/#\/schema\/logo\/image\/"},"sameAs":["https:\/\/www.facebook.com\/ongprevoyance\/","https:\/\/www.linkedin.com\/company\/ong-prevoyance\/"]}]}},"_links":{"self":[{"href":"https:\/\/www.ong-prevoyance.net\/index.php\/wp-json\/wp\/v2\/pages\/33","targetHints":{"allow":["GET"]}}],"collection":[{"href":"https:\/\/www.ong-prevoyance.net\/index.php\/wp-json\/wp\/v2\/pages"}],"about":[{"href":"https:\/\/www.ong-prevoyance.net\/index.php\/wp-json\/wp\/v2\/types\/page"}],"author":[{"embeddable":true,"href":"https:\/\/www.ong-prevoyance.net\/index.php\/wp-json\/wp\/v2\/users\/1"}],"replies":[{"embeddable":true,"href":"https:\/\/www.ong-prevoyance.net\/index.php\/wp-json\/wp\/v2\/comments?post=33"}],"version-history":[{"count":54,"href":"https:\/\/www.ong-prevoyance.net\/index.php\/wp-json\/wp\/v2\/pages\/33\/revisions"}],"predecessor-version":[{"id":2452,"href":"https:\/\/www.ong-prevoyance.net\/index.php\/wp-json\/wp\/v2\/pages\/33\/revisions\/2452"}],"wp:attachment":[{"href":"https:\/\/www.ong-prevoyance.net\/index.php\/wp-json\/wp\/v2\/media?parent=33"}],"curies":[{"name":"wp","href":"https:\/\/api.w.org\/{rel}","templated":true}]}}